{"id":62,"date":"2019-04-11T18:41:52","date_gmt":"2019-04-11T22:41:52","guid":{"rendered":"http:\/\/metalsurface.cl\/?page_id=62"},"modified":"2025-10-12T15:07:51","modified_gmt":"2025-10-12T18:07:51","slug":"productos","status":"publish","type":"page","link":"https:\/\/www.metalsurface.cl\/","title":{"rendered":"Productos"},"content":{"rendered":"<body>\t\t<div data-elementor-type=\"wp-page\" data-elementor-id=\"62\" class=\"elementor elementor-62\">\n\t\t\t\t<div class=\"elementor-element elementor-element-1879e59 e-flex e-con-boxed e-con e-parent\" data-id=\"1879e59\" data-element_type=\"container\" data-e-type=\"container\">\n\t\t\t\t\t<div class=\"e-con-inner\">\n\t\t\t\t<div class=\"elementor-element elementor-element-fae2c06 elementor-widget elementor-widget-video\" data-id=\"fae2c06\" data-element_type=\"widget\" data-e-type=\"widget\" data-settings='{\"video_type\":\"hosted\",\"autoplay\":\"yes\",\"play_on_mobile\":\"yes\",\"controls\":\"yes\"}' data-widget_type=\"video.default\">\n\t\t\t\t<div class=\"elementor-widget-container\">\n\t\t\t\t\t\t\t<div class=\"e-hosted-video elementor-wrapper elementor-open-inline\">\n\t\t\t\t\t<video class=\"elementor-video\" src=\"https:\/\/www.metalsurface.cl\/wp-content\/uploads\/2025\/10\/Otro-Planeta-es-Posible_-Fotografo4.webm\" autoplay=\"\" controls=\"\" playsinline=\"\" controlslist=\"nodownload\"><\/video>\n\t\t\t\t<\/div>\n\t\t\t\t\t\t<\/div>\n\t\t\t\t<\/div>\n\t\t\t\t\t<\/div>\n\t\t\t\t<\/div>\n\t\t<div class=\"elementor-element elementor-element-undefined-2b087a0 e-flex e-con-boxed e-con e-parent\" data-id=\"undefined-2b087a0\" data-element_type=\"container\" data-e-type=\"container\">\n\t\t\t\t\t<div class=\"e-con-inner\">\n\t\t<div class=\"elementor-element elementor-element-undefined-758f57c e-con-full e-flex e-con e-child\" data-id=\"undefined-758f57c\" data-element_type=\"container\" data-e-type=\"container\">\n\t\t\t\t<div class=\"elementor-element elementor-element-undefined-86c5dfb elementor-widget elementor-widget-heading\" data-id=\"undefined-86c5dfb\" data-element_type=\"widget\" data-e-type=\"widget\" data-widget_type=\"heading.default\">\n\t\t\t\t<div class=\"elementor-widget-container\">\n\t\t\t\t\t<h2 class=\"elementor-heading-title elementor-size-default\">\u00a1Bienvenido a nuestra comunidad!<\/h2>\t\t\t\t<\/div>\n\t\t\t\t<\/div>\n\t\t\t\t<\/div>\n\t\t<div class=\"elementor-element elementor-element-undefined-9cb67ad e-con-full e-flex e-con e-child\" data-id=\"undefined-9cb67ad\" data-element_type=\"container\" data-e-type=\"container\">\n\t\t\t\t<div class=\"elementor-element elementor-element-undefined-bf4f6d4 elementor-widget elementor-widget-text-editor\" data-id=\"undefined-bf4f6d4\" data-element_type=\"widget\" data-e-type=\"widget\" data-widget_type=\"text-editor.default\">\n\t\t\t\t<div class=\"elementor-widget-container\">\n\t\t\t\t\t\t\t\t\t<p>\u00a1Hola y bienvenidos! Nos alegra que est\u00e9s aqu\u00ed. Este espacio est\u00e1 dise\u00f1ado para que explores, te conectes y descubras todo lo que tenemos para ofrecerte. Esperamos que te sientas como en casa y encuentres lo que buscas.<\/p>\t\t\t\t\t\t\t\t<\/div>\n\t\t\t\t<\/div>\n\t\t\t\t<\/div>\n\t\t\t\t\t<\/div>\n\t\t\t\t<\/div>\n\t\t<div class=\"elementor-element elementor-element-d87f665 e-flex e-con-boxed e-con e-parent\" data-id=\"d87f665\" data-element_type=\"container\" data-e-type=\"container\">\n\t\t\t\t\t<div class=\"e-con-inner\">\n\t\t\t\t<div class=\"elementor-element elementor-element-8e980bd elementor-widget elementor-widget-video\" data-id=\"8e980bd\" data-element_type=\"widget\" data-e-type=\"widget\" data-settings='{\"video_type\":\"hosted\",\"play_on_mobile\":\"yes\",\"autoplay\":\"yes\",\"controls\":\"yes\"}' data-widget_type=\"video.default\">\n\t\t\t\t<div class=\"elementor-widget-container\">\n\t\t\t\t\t\t\t<div class=\"e-hosted-video elementor-wrapper elementor-open-inline\">\n\t\t\t\t\t<video class=\"elementor-video\" src=\"https:\/\/www.metalsurface.cl\/wp-content\/uploads\/2025\/10\/Otro-Planeta-es-Posible_-Urbanismo-Verde.webm\" autoplay=\"\" controls=\"\" playsinline=\"\" controlslist=\"nodownload\"><\/video>\n\t\t\t\t<\/div>\n\t\t\t\t\t\t<\/div>\n\t\t\t\t<\/div>\n\t\t\t\t\t<\/div>\n\t\t\t\t<\/div>\n\t\t<div class=\"elementor-element elementor-element-f316be5 e-flex e-con-boxed e-con e-parent\" data-id=\"f316be5\" data-element_type=\"container\" data-e-type=\"container\">\n\t\t\t\t\t<div class=\"e-con-inner\">\n\t\t<div class=\"elementor-element elementor-element-a98bdda e-con-full e-flex e-con e-child\" data-id=\"a98bdda\" data-element_type=\"container\" data-e-type=\"container\">\n\t\t\t\t<div class=\"elementor-element elementor-element-71721c5 elementor-widget elementor-widget-heading\" data-id=\"71721c5\" data-element_type=\"widget\" data-e-type=\"widget\" data-widget_type=\"heading.default\">\n\t\t\t\t<div class=\"elementor-widget-container\">\n\t\t\t\t\t<h2 class=\"elementor-heading-title elementor-size-default\">Explora Nuestras Publicaciones<\/h2>\t\t\t\t<\/div>\n\t\t\t\t<\/div>\n\t\t\t\t<\/div>\n\t\t<div class=\"elementor-element elementor-element-12d8219 e-con-full e-flex e-con e-child\" data-id=\"12d8219\" data-element_type=\"container\" data-e-type=\"container\">\n\t\t\t\t<div class=\"elementor-element elementor-element-5340526 elementor-widget elementor-widget-text-editor\" data-id=\"5340526\" data-element_type=\"widget\" data-e-type=\"widget\" data-widget_type=\"text-editor.default\">\n\t\t\t\t<div class=\"elementor-widget-container\">\n\t\t\t\t\t\t\t\t\t<p>Aqu\u00ed encontraras una revista de nuestras \u00faltimas publicaciones en redes sociales, perfectas para inspirarte.<\/p>\t\t\t\t\t\t\t\t<\/div>\n\t\t\t\t<\/div>\n\t\t\t\t<\/div>\n\t\t\t\t\t<\/div>\n\t\t\t\t<\/div>\n\t\t<div class=\"elementor-element elementor-element-22d0871 e-flex e-con-boxed e-con e-parent\" data-id=\"22d0871\" data-element_type=\"container\" data-e-type=\"container\">\n\t\t\t\t\t<div class=\"e-con-inner\">\n\t\t\t\t<div class=\"elementor-element elementor-element-0c360e9 elementor-widget elementor-widget-video\" data-id=\"0c360e9\" data-element_type=\"widget\" data-e-type=\"widget\" data-settings='{\"video_type\":\"hosted\",\"controls\":\"yes\"}' data-widget_type=\"video.default\">\n\t\t\t\t<div class=\"elementor-widget-container\">\n\t\t\t\t\t\t\t<div class=\"e-hosted-video elementor-wrapper elementor-open-inline\">\n\t\t\t\t\t<video class=\"elementor-video\" src=\"https:\/\/www.metalsurface.cl\/wp-content\/uploads\/2025\/10\/Pintora.webm\" controls=\"\" preload=\"metadata\" controlslist=\"nodownload\"><\/video>\n\t\t\t\t<\/div>\n\t\t\t\t\t\t<\/div>\n\t\t\t\t<\/div>\n\t\t\t\t\t<\/div>\n\t\t\t\t<\/div>\n\t\t<div class=\"elementor-element elementor-element-25c3bf1 e-flex e-con-boxed e-con e-parent\" data-id=\"25c3bf1\" data-element_type=\"container\" data-e-type=\"container\">\n\t\t\t\t\t<div class=\"e-con-inner\">\n\t\t<div class=\"elementor-element elementor-element-c02e9d5 e-con-full e-flex e-con e-child\" data-id=\"c02e9d5\" data-element_type=\"container\" data-e-type=\"container\">\n\t\t\t\t<div class=\"elementor-element elementor-element-da05267 elementor-widget elementor-widget-heading\" data-id=\"da05267\" data-element_type=\"widget\" data-e-type=\"widget\" data-widget_type=\"heading.default\">\n\t\t\t\t<div class=\"elementor-widget-container\">\n\t\t\t\t\t<h2 class=\"elementor-heading-title elementor-size-default\">Nuestros Productos Destacados<\/h2>\t\t\t\t<\/div>\n\t\t\t\t<\/div>\n\t\t\t\t<\/div>\n\t\t<div class=\"elementor-element elementor-element-cd4b33a e-con-full e-flex e-con e-child\" data-id=\"cd4b33a\" data-element_type=\"container\" data-e-type=\"container\">\n\t\t\t\t<div class=\"elementor-element elementor-element-0ebe1a3 elementor-widget elementor-widget-text-editor\" data-id=\"0ebe1a3\" data-element_type=\"widget\" data-e-type=\"widget\" data-widget_type=\"text-editor.default\">\n\t\t\t\t<div class=\"elementor-widget-container\">\n\t\t\t\t\t\t\t\t\t<p>Conoce la calidad y la innovaci\u00f3n en nuestros productos. Desde ingenier\u00eda hasta materiales de construcci\u00f3n, cada art\u00edculo est\u00e1 dise\u00f1ado para satisfacer las necesidades del sector. Explora nuestra gama y encuentra lo que buscas para tus proyectos.<\/p>\t\t\t\t\t\t\t\t<\/div>\n\t\t\t\t<\/div>\n\t\t\t\t<\/div>\n\t\t\t\t\t<\/div>\n\t\t\t\t<\/div>\n\t\t\t\t<\/div>\n\t\t<\/body>","protected":false},"excerpt":{"rendered":"<p>https:\/\/www.metalsurface.cl\/wp-content\/uploads\/2025\/10\/Otro-Planeta-es-Posible_-Fotografo4.webm \u00a1Bienvenido a nuestra comunidad! \u00a1Hola y bienvenidos! Nos alegra que est\u00e9s aqu\u00ed. Este espacio est\u00e1 dise\u00f1ado para que explores, te conectes y descubras todo lo que tenemos para ofrecerte. Esperamos que te sientas como en casa y encuentres lo que buscas. https:\/\/www.metalsurface.cl\/wp-content\/uploads\/2025\/10\/Otro-Planeta-es-Posible_-Urbanismo-Verde.webm Explora Nuestras Publicaciones Aqu\u00ed encontraras una revista de nuestras \u00faltimas publicaciones en [&hellip;]<\/p>\n","protected":false},"author":1,"featured_media":0,"parent":2,"menu_order":1,"comment_status":"closed","ping_status":"closed","template":"","meta":{"om_disable_all_campaigns":false,"_monsterinsights_skip_tracking":false,"_monsterinsights_sitenote_active":false,"_monsterinsights_sitenote_note":"","_monsterinsights_sitenote_category":0,"jetpack_post_was_ever_published":false,"footnotes":""},"class_list":["post-62","page","type-page","status-publish","hentry"],"jetpack_sharing_enabled":true,"jetpack_shortlink":"https:\/\/wp.me\/PaSXST-10","_links":{"self":[{"href":"https:\/\/www.metalsurface.cl\/index.php\/wp-json\/wp\/v2\/pages\/62","targetHints":{"allow":["GET"]}}],"collection":[{"href":"https:\/\/www.metalsurface.cl\/index.php\/wp-json\/wp\/v2\/pages"}],"about":[{"href":"https:\/\/www.metalsurface.cl\/index.php\/wp-json\/wp\/v2\/types\/page"}],"author":[{"embeddable":true,"href":"https:\/\/www.metalsurface.cl\/index.php\/wp-json\/wp\/v2\/users\/1"}],"replies":[{"embeddable":true,"href":"https:\/\/www.metalsurface.cl\/index.php\/wp-json\/wp\/v2\/comments?post=62"}],"version-history":[{"count":5,"href":"https:\/\/www.metalsurface.cl\/index.php\/wp-json\/wp\/v2\/pages\/62\/revisions"}],"predecessor-version":[{"id":1410,"href":"https:\/\/www.metalsurface.cl\/index.php\/wp-json\/wp\/v2\/pages\/62\/revisions\/1410"}],"up":[{"embeddable":true,"href":"https:\/\/www.metalsurface.cl\/index.php\/wp-json\/wp\/v2\/pages\/2"}],"wp:attachment":[{"href":"https:\/\/www.metalsurface.cl\/index.php\/wp-json\/wp\/v2\/media?parent=62"}],"curies":[{"name":"wp","href":"https:\/\/api.w.org\/{rel}","templated":true}]}}